{"id":259,"date":"2025-01-02T17:41:03","date_gmt":"2025-01-02T16:41:03","guid":{"rendered":"https:\/\/p690020.webspaceconfig.de\/WP2025\/?page_id=259"},"modified":"2025-12-30T19:26:07","modified_gmt":"2025-12-30T18:26:07","slug":"contact","status":"publish","type":"page","link":"https:\/\/fh-interim.com\/en\/kontakt\/","title":{"rendered":"Contact"},"content":{"rendered":"\n<div class=\"wp-block-group alignwide has-global-padding is-layout-constrained wp-container-core-group-is-layout-97829e9f wp-block-group-is-layout-constrained\" style=\"padding-right:var(--wp--preset--spacing--40);padding-left:var(--wp--preset--spacing--40)\">\n<div class=\"wp-block-group alignwide is-layout-flow wp-block-group-is-layout-flow\" style=\"padding-top:var(--wp--preset--spacing--50);padding-bottom:var(--wp--preset--spacing--50)\">\n<h1 class=\"wp-block-heading\">Lassen Sie uns gemeinsam die beste L\u00f6sung f\u00fcr Ihr Unternehmen finden.<\/h1>\n\n\n\n<p>Ob Sie Fragen haben, Unterst\u00fctzung ben\u00f6tigen oder mehr \u00fcber meine Leistungen erfahren m\u00f6chten \u2013 ich bin f\u00fcr Sie da. Nutzen Sie das Kontaktformular oder die untenstehenden Informationen, um direkt mit mir in Verbindung zu treten. Ich freue mich darauf, von Ihnen zu h\u00f6ren!<\/p>\n<\/div>\n<\/div>\n\n\n\n<div class=\"wp-block-group alignwide is-layout-flow wp-block-group-is-layout-flow\">\n<div class=\"padding-block gb-element-602c1346\"><style id=\"wpforms-css-vars-262-block-230d66e8-e8f8-434c-994c-e00299070585\">\n\t\t\t\t#wpforms-262.wpforms-block-230d66e8-e8f8-434c-994c-e00299070585 {\n\t\t\t\t--wpforms-button-border-radius: 1000px;\n--wpforms-button-background-color: #235187;\n--wpforms-field-size-input-height: 43px;\n--wpforms-field-size-input-spacing: 15px;\n--wpforms-field-size-font-size: 16px;\n--wpforms-field-size-line-height: 19px;\n--wpforms-field-size-padding-h: 14px;\n--wpforms-field-size-checkbox-size: 16px;\n--wpforms-field-size-sublabel-spacing: 5px;\n--wpforms-field-size-icon-size: 1;\n--wpforms-label-size-font-size: 16px;\n--wpforms-label-size-line-height: 19px;\n--wpforms-label-size-sublabel-font-size: 14px;\n--wpforms-label-size-sublabel-line-height: 17px;\n--wpforms-button-size-font-size: 20px;\n--wpforms-button-size-height: 48px;\n--wpforms-button-size-padding-h: 20px;\n--wpforms-button-size-margin-top: 15px;\n\t\t\t}\n\t\t\t<\/style><div class=\"wpforms-container wpforms-container-full wpforms-block wpforms-block-230d66e8-e8f8-434c-994c-e00299070585 wpforms-render-modern\" id=\"wpforms-262\"><form id=\"wpforms-form-262\" class=\"wpforms-validate wpforms-form wpforms-ajax-form\" data-formid=\"262\" method=\"post\" enctype=\"multipart\/form-data\" action=\"\/en\/wp-json\/wp\/v2\/pages\/259\" data-token=\"5ac3d37afe5777e1d9d4f3082a2bbde5\" data-token-time=\"1777508099\"><noscript class=\"wpforms-error-noscript\">Please enable JavaScript in your browser to complete this form.<\/noscript><div id=\"wpforms-error-noscript\" style=\"display: none;\">Please enable JavaScript in your browser to complete this form.<\/div><div class=\"wpforms-field-container\"><div id=\"wpforms-262-field_0-container\" class=\"wpforms-field wpforms-field-name\" data-field-id=\"0\"><fieldset><legend class=\"wpforms-field-label\">Name <span class=\"wpforms-required-label\" aria-hidden=\"true\">*<\/span><\/legend><div class=\"wpforms-field-row wpforms-field-large\"><div class=\"wpforms-field-row-block wpforms-first wpforms-one-half\"><input type=\"text\" id=\"wpforms-262-field_0\" class=\"wpforms-field-name-first wpforms-field-required\" name=\"wpforms[fields][0][first]\" aria-errormessage=\"wpforms-262-field_0-error\" required><label for=\"wpforms-262-field_0\" class=\"wpforms-field-sublabel after\">First<\/label><\/div><div class=\"wpforms-field-row-block wpforms-one-half\"><input type=\"text\" id=\"wpforms-262-field_0-last\" class=\"wpforms-field-name-last wpforms-field-required\" name=\"wpforms[fields][0][last]\" aria-errormessage=\"wpforms-262-field_0-last-error\" required><label for=\"wpforms-262-field_0-last\" class=\"wpforms-field-sublabel after\">Last<\/label><\/div><\/div><\/fieldset><\/div><div id=\"wpforms-262-field_9-container\" class=\"wpforms-field wpforms-field-text\" data-field-id=\"9\"><label class=\"wpforms-field-label\" for=\"wpforms-262-field_9\">Firma<\/label><input type=\"text\" id=\"wpforms-262-field_9\" class=\"wpforms-field-large\" name=\"wpforms[fields][9]\" aria-errormessage=\"wpforms-262-field_9-error\" ><\/div>\t\t<div id=\"wpforms-262-field_3-container\"\n\t\t\tclass=\"wpforms-field wpforms-field-text\"\n\t\t\tdata-field-type=\"text\"\n\t\t\tdata-field-id=\"3\"\n\t\t\t>\n\t\t\t<label class=\"wpforms-field-label\" for=\"wpforms-262-field_3\" >Sie Firma R\u00fcckrufnummer<\/label>\n\t\t\t<input type=\"text\" id=\"wpforms-262-field_3\" class=\"wpforms-field-medium\" name=\"wpforms[fields][3]\" >\n\t\t<\/div>\n\t\t<div id=\"wpforms-262-field_1-container\" class=\"wpforms-field wpforms-field-email\" data-field-id=\"1\"><label class=\"wpforms-field-label\" for=\"wpforms-262-field_1\">E-Mail <span class=\"wpforms-required-label\" aria-hidden=\"true\">*<\/span><\/label><input type=\"email\" id=\"wpforms-262-field_1\" class=\"wpforms-field-large wpforms-field-required\" name=\"wpforms[fields][1]\" spellcheck=\"false\" aria-errormessage=\"wpforms-262-field_1-error\" required><\/div><div id=\"wpforms-262-field_4-container\" class=\"wpforms-field wpforms-field-text\" data-field-id=\"4\"><label class=\"wpforms-field-label\" for=\"wpforms-262-field_4\">R\u00fcckrufnummer <span class=\"wpforms-required-label\" aria-hidden=\"true\">*<\/span><\/label><input type=\"text\" id=\"wpforms-262-field_4\" class=\"wpforms-field-large wpforms-field-required\" name=\"wpforms[fields][4]\" aria-errormessage=\"wpforms-262-field_4-error\" required><\/div><div id=\"wpforms-262-field_12-container\" class=\"wpforms-field wpforms-field-checkbox\" data-field-id=\"12\"><fieldset><legend class=\"wpforms-field-label\">Bitte w\u00e4hlen Sie hier aus, wie ich Sie unterst\u00fctzen kann <span class=\"wpforms-required-label\" aria-hidden=\"true\">*<\/span><\/legend><ul id=\"wpforms-262-field_12\" class=\"wpforms-field-required\"><li class=\"choice-1 depth-1\"><input type=\"checkbox\" id=\"wpforms-262-field_12_1\" name=\"wpforms[fields][12][]\" value=\"Interim CFO\" aria-errormessage=\"wpforms-262-field_12_1-error\" required ><label class=\"wpforms-field-label-inline\" for=\"wpforms-262-field_12_1\">Interim CFO<\/label><\/li><li class=\"choice-2 depth-1\"><input type=\"checkbox\" id=\"wpforms-262-field_12_2\" name=\"wpforms[fields][12][]\" value=\"Interim Finance Director\/Manager\" aria-errormessage=\"wpforms-262-field_12_2-error\" required ><label class=\"wpforms-field-label-inline\" for=\"wpforms-262-field_12_2\">Interim Finance Director\/Manager<\/label><\/li><li class=\"choice-3 depth-1\"><input type=\"checkbox\" id=\"wpforms-262-field_12_3\" name=\"wpforms[fields][12][]\" value=\"ERP-Einf\u00fchrung\/-Optimierung\" aria-errormessage=\"wpforms-262-field_12_3-error\" required ><label class=\"wpforms-field-label-inline\" for=\"wpforms-262-field_12_3\">ERP-Einf\u00fchrung\/-Optimierung<\/label><\/li><li class=\"choice-4 depth-1\"><input type=\"checkbox\" id=\"wpforms-262-field_12_4\" name=\"wpforms[fields][12][]\" value=\"Restrukturierung\/Krisenmanagement\" aria-errormessage=\"wpforms-262-field_12_4-error\" required ><label class=\"wpforms-field-label-inline\" for=\"wpforms-262-field_12_4\">Restrukturierung\/Krisenmanagement<\/label><\/li><\/ul><\/fieldset><\/div><div id=\"wpforms-262-field_2-container\" class=\"wpforms-field wpforms-field-textarea\" data-field-id=\"2\"><label class=\"wpforms-field-label\" for=\"wpforms-262-field_2\">Wenn Sie m\u00f6gen, k\u00f6nnen Sie Ihr Anliegen hier detaillieren<\/label><textarea id=\"wpforms-262-field_2\" class=\"wpforms-field-medium\" name=\"wpforms[fields][2]\" aria-errormessage=\"wpforms-262-field_2-error\" ><\/textarea><\/div><div id=\"wpforms-262-field_6-container\" class=\"wpforms-field wpforms-field-payment-select wpforms-field-select-style-classic\" data-field-id=\"6\"><label class=\"wpforms-field-label\" for=\"wpforms-262-field_6\">Wie sind Sie auf mich aufmerksam geworden?<\/label><select id=\"wpforms-262-field_6\" class=\"wpforms-payment-price wpforms-field-large\" name=\"wpforms[fields][6]\"><option value=\"1\" data-amount=\"0.00\"  selected='selected'>Suchmaschinen (Google)<\/option><option value=\"2\" data-amount=\"0.00\" >LinkedIn<\/option><option value=\"5\" data-amount=\"0.00\" >Weiterempfehlung<\/option><option value=\"6\" data-amount=\"0.00\" >Sonstige<\/option><\/select><\/div><div id=\"wpforms-262-field_8-container\" class=\"wpforms-field wpforms-field-checkbox\" data-field-id=\"8\"><fieldset><legend class=\"wpforms-field-label wpforms-label-hide\" aria-hidden=\"false\">Datenschutz <span class=\"wpforms-required-label\" aria-hidden=\"true\">*<\/span><\/legend><ul id=\"wpforms-262-field_8\" class=\"wpforms-field-required\"><li class=\"choice-1 depth-1\"><input type=\"checkbox\" id=\"wpforms-262-field_8_1\" name=\"wpforms[fields][8][]\" value=\"Ich bin damit einverstanden, dass meine Angaben zur Bearbeitung meiner Anfrage verarbeitet werden. Weitere Informationen finden Sie in der &lt;a target=&quot;_blank&quot; href=&quot;\/datenschutz&quot;&gt;Datenschutzerkl\u00e4rung&lt;\/a&gt;.\" aria-errormessage=\"wpforms-262-field_8_1-error\" required ><label class=\"wpforms-field-label-inline\" for=\"wpforms-262-field_8_1\">Ich bin damit einverstanden, dass meine Angaben zur Bearbeitung meiner Anfrage verarbeitet werden. Weitere Informationen finden Sie in der <a target=\"_blank\" href=\"\/datenschutz\">Datenschutzerkl\u00e4rung<\/a>.<\/label><\/li><\/ul><\/fieldset><\/div><script>\n\t\t\t\t( function() {\n\t\t\t\t\tconst style = document.createElement( 'style' );\n\t\t\t\t\tstyle.appendChild( document.createTextNode( '#wpforms-262-field_3-container { position: absolute !important; overflow: hidden !important; display: inline !important; height: 1px !important; width: 1px !important; z-index: -1000 !important; padding: 0 !important; } #wpforms-262-field_3-container input { visibility: hidden; } #wpforms-conversational-form-page #wpforms-262-field_3-container label { counter-increment: none; }' ) );\n\t\t\t\t\tdocument.head.appendChild( style );\n\t\t\t\t\tdocument.currentScript?.remove();\n\t\t\t\t} )();\n\t\t\t<\/script><\/div><!-- .wpforms-field-container --><div class=\"wpforms-submit-container\" ><input type=\"hidden\" name=\"wpforms[id]\" value=\"262\"><input type=\"hidden\" name=\"page_title\" value=\"\"><input type=\"hidden\" name=\"page_url\" value=\"https:\/\/fh-interim.com\/en\/wp-json\/wp\/v2\/pages\/259\"><input type=\"hidden\" name=\"url_referer\" value=\"\"><button type=\"submit\" name=\"wpforms[submit]\" id=\"wpforms-submit-262\" class=\"wpforms-submit\" data-alt-text=\"...\" data-submit-text=\"Absenden\" aria-live=\"assertive\" value=\"wpforms-submit\">Absenden<\/button><img loading=\"lazy\" decoding=\"async\" src=\"https:\/\/fh-interim.com\/wp-content\/plugins\/wpforms-lite\/assets\/images\/submit-spin.svg\" class=\"wpforms-submit-spinner\" style=\"display: none;\" width=\"26\" height=\"26\" alt=\"Loading\"><\/div><\/form><\/div>  <!-- .wpforms-container -->\n\n\n<div class=\"gb-element-c83fe254\">\n<img loading=\"lazy\" decoding=\"async\" width=\"350\" height=\"351\" class=\"gb-media-2de14647\" src=\"https:\/\/fh-interim.com\/wp-content\/uploads\/Profilfoto-Kontakt.webp\" alt=\"\" srcset=\"https:\/\/fh-interim.com\/wp-content\/uploads\/Profilfoto-Kontakt.webp 350w, https:\/\/fh-interim.com\/wp-content\/uploads\/Profilfoto-Kontakt-150x150.webp 150w\" sizes=\"auto, (max-width: 350px) 100vw, 350px\" \/>\n\n\n\n<h2 class=\"wp-block-heading has-text-align-center\" style=\"margin-top:var(--wp--preset--spacing--30);margin-bottom:var(--wp--preset--spacing--30)\">Florian Ha\u00df<\/h2>\n\n\n\n<div class=\"wp-block-group is-vertical is-content-justification-center is-layout-flex wp-container-core-group-is-layout-d0d4d811 wp-block-group-is-layout-flex\" style=\"padding-right:0;padding-left:0\">\n<div class=\"wp-block-group has-white-background-color has-background is-horizontal is-content-justification-center is-nowrap is-layout-flex wp-container-core-group-is-layout-fe93b031 wp-block-group-is-layout-flex\" style=\"border-style:none;border-width:0px;border-radius:59px;margin-top:0;margin-bottom:0;padding-top:var(--wp--preset--spacing--30);padding-right:var(--wp--preset--spacing--40);padding-bottom:var(--wp--preset--spacing--30);padding-left:var(--wp--preset--spacing--40)\">\n<figure class=\"wp-block-image size-large is-resized is-style-default cucom-social-icon\"><a href=\"mailto:info@interim-management-finance.de\"><img loading=\"lazy\" decoding=\"async\" width=\"24\" height=\"24\" src=\"https:\/\/fh-interim.com\/wp-content\/uploads\/mail.svg\" alt=\"\" class=\"wp-image-212\" style=\"object-fit:cover;width:30px;height:30px\"\/><\/a><\/figure>\n\n\n\n<p style=\"margin-top:0;margin-bottom:0\">info@fh-interim.com<\/p>\n<\/div>\n\n\n\n<div class=\"wp-block-group has-white-background-color has-background is-horizontal is-content-justification-center is-nowrap is-layout-flex wp-container-core-group-is-layout-fe93b031 wp-block-group-is-layout-flex\" style=\"border-style:none;border-width:0px;border-radius:59px;margin-top:0;margin-bottom:0;padding-top:var(--wp--preset--spacing--30);padding-right:var(--wp--preset--spacing--40);padding-bottom:var(--wp--preset--spacing--30);padding-left:var(--wp--preset--spacing--40)\">\n<figure class=\"wp-block-image size-large is-resized is-style-default cucom-social-icon\"><a href=\"tel:+491743882301\"><img loading=\"lazy\" decoding=\"async\" width=\"24\" height=\"24\" src=\"https:\/\/fh-interim.com\/wp-content\/uploads\/smartphone.svg\" alt=\"\" class=\"wp-image-143\" style=\"object-fit:cover;width:30px;height:30px\"\/><\/a><\/figure>\n\n\n\n<p style=\"margin-top:0;margin-bottom:0\">+49 (0) 174 388 23 01<\/p>\n<\/div>\n\n\n\n<div class=\"wp-block-group has-white-background-color has-background is-horizontal is-content-justification-center is-nowrap is-layout-flex wp-container-core-group-is-layout-fe93b031 wp-block-group-is-layout-flex\" style=\"border-style:none;border-width:0px;border-radius:59px;margin-top:0;margin-bottom:0;padding-top:var(--wp--preset--spacing--30);padding-right:var(--wp--preset--spacing--40);padding-bottom:var(--wp--preset--spacing--30);padding-left:var(--wp--preset--spacing--40)\">\n<figure class=\"wp-block-image size-large is-resized is-style-default cucom-social-icon\"><a href=\"https:\/\/www.linkedin.com\/in\/interimfinancehamburg\/\" target=\"_blank\" rel=\" noreferrer noopener\"><img decoding=\"async\" src=\"https:\/\/fh-interim.com\/wp-content\/uploads\/linkedin.svg\" alt=\"\" class=\"wp-image-824\" style=\"object-fit:cover;width:30px;height:30px\"\/><\/a><\/figure>\n\n\n\n<p style=\"margin-top:0;margin-bottom:0\">\/ interimfinancehamburg<\/p>\n<\/div>\n\n\n\n<div class=\"wp-block-group has-white-background-color has-background is-horizontal is-content-justification-center is-nowrap is-layout-flex wp-container-core-group-is-layout-fe93b031 wp-block-group-is-layout-flex\" style=\"border-style:none;border-width:0px;border-radius:59px;margin-top:0;margin-bottom:0;padding-top:var(--wp--preset--spacing--30);padding-right:var(--wp--preset--spacing--40);padding-bottom:var(--wp--preset--spacing--30);padding-left:var(--wp--preset--spacing--40)\">\n<figure class=\"wp-block-image size-large is-resized is-style-default cucom-social-icon\"><a href=\"https:\/\/www.xing.com\/profile\/Florian_Hass\" target=\"_blank\" rel=\" noreferrer noopener\"><img decoding=\"async\" src=\"https:\/\/fh-interim.com\/wp-content\/uploads\/xing.svg\" alt=\"\" class=\"wp-image-164\" style=\"object-fit:cover;width:30px;height:30px\"\/><\/a><\/figure>\n\n\n\n<p style=\"margin-top:0;margin-bottom:0\">\/ Florian_Hass<\/p>\n<\/div>\n<\/div>\n<\/div>\n<\/div>\n<\/div>\n","protected":false},"excerpt":{"rendered":"<p>Lassen Sie uns gemeinsam die beste L\u00f6sung f\u00fcr Ihr Unternehmen finden. Ob Sie Fragen haben, Unterst\u00fctzung ben\u00f6tigen oder mehr \u00fcber meine Leistungen erfahren m\u00f6chten \u2013 ich bin f\u00fcr Sie da. Nutzen Sie das Kontaktformular oder die untenstehenden Informationen, um direkt mit mir in Verbindung zu treten. Ich freue mich darauf, von Ihnen zu h\u00f6ren! Florian [&hellip;]<\/p>\n","protected":false},"author":1,"featured_media":0,"parent":0,"menu_order":0,"comment_status":"closed","ping_status":"closed","template":"","meta":{"inline_featured_image":false,"footnotes":""},"class_list":["post-259","page","type-page","status-publish","hentry"],"yoast_head":"<!-- This site is optimized with the Yoast SEO plugin v27.3 - https:\/\/yoast.com\/product\/yoast-seo-wordpress\/ -->\n<title>Kontakt \u2013 Florian Ha\u00df Interim Management<\/title>\n<meta name=\"description\" content=\"Nehmen Sie Kontakt auf, um mehr \u00fcber meine Dienstleistungen zu erfahren. Gemeinsam finden wir die beste L\u00f6sung f\u00fcr Ihre Herausforderungen\" \/>\n<meta name=\"robots\" content=\"index, follow, max-snippet:-1, max-image-preview:large, max-video-preview:-1\" \/>\n<link rel=\"canonical\" href=\"https:\/\/fh-interim.com\/en\/contact\/\" \/>\n<meta property=\"og:locale\" content=\"en_US\" \/>\n<meta property=\"og:type\" content=\"article\" \/>\n<meta property=\"og:title\" content=\"Kontakt \u2013 Florian Ha\u00df Interim Management\" \/>\n<meta property=\"og:description\" content=\"Nehmen Sie Kontakt auf, um mehr \u00fcber meine Dienstleistungen zu erfahren. Gemeinsam finden wir die beste L\u00f6sung f\u00fcr Ihre Herausforderungen\" \/>\n<meta property=\"og:url\" content=\"https:\/\/fh-interim.com\/en\/contact\/\" \/>\n<meta property=\"og:site_name\" content=\"FH Management Consulting\" \/>\n<meta property=\"article:modified_time\" content=\"2025-12-30T18:26:07+00:00\" \/>\n<meta property=\"og:image\" content=\"https:\/\/fh-interim.com\/wp-content\/uploads\/Profilfoto-Kontakt.webp\" \/>\n<meta name=\"twitter:card\" content=\"summary_large_image\" \/>\n<script type=\"application\/ld+json\" class=\"yoast-schema-graph\">{\"@context\":\"https:\\\/\\\/schema.org\",\"@graph\":[{\"@type\":\"WebPage\",\"@id\":\"https:\\\/\\\/fh-interim.com\\\/kontakt\\\/\",\"url\":\"https:\\\/\\\/fh-interim.com\\\/kontakt\\\/\",\"name\":\"Kontakt \u2013 Florian Ha\u00df Interim Management\",\"isPartOf\":{\"@id\":\"https:\\\/\\\/fh-interim.com\\\/#website\"},\"primaryImageOfPage\":{\"@id\":\"https:\\\/\\\/fh-interim.com\\\/kontakt\\\/#primaryimage\"},\"image\":{\"@id\":\"https:\\\/\\\/fh-interim.com\\\/kontakt\\\/#primaryimage\"},\"thumbnailUrl\":\"https:\\\/\\\/fh-interim.com\\\/wp-content\\\/uploads\\\/Profilfoto-Kontakt.webp\",\"datePublished\":\"2025-01-02T16:41:03+00:00\",\"dateModified\":\"2025-12-30T18:26:07+00:00\",\"description\":\"Nehmen Sie Kontakt auf, um mehr \u00fcber meine Dienstleistungen zu erfahren. Gemeinsam finden wir die beste L\u00f6sung f\u00fcr Ihre Herausforderungen\",\"breadcrumb\":{\"@id\":\"https:\\\/\\\/fh-interim.com\\\/kontakt\\\/#breadcrumb\"},\"inLanguage\":\"en-US\",\"potentialAction\":[{\"@type\":\"ReadAction\",\"target\":[\"https:\\\/\\\/fh-interim.com\\\/kontakt\\\/\"]}]},{\"@type\":\"ImageObject\",\"inLanguage\":\"en-US\",\"@id\":\"https:\\\/\\\/fh-interim.com\\\/kontakt\\\/#primaryimage\",\"url\":\"https:\\\/\\\/fh-interim.com\\\/wp-content\\\/uploads\\\/Profilfoto-Kontakt.webp\",\"contentUrl\":\"https:\\\/\\\/fh-interim.com\\\/wp-content\\\/uploads\\\/Profilfoto-Kontakt.webp\"},{\"@type\":\"BreadcrumbList\",\"@id\":\"https:\\\/\\\/fh-interim.com\\\/kontakt\\\/#breadcrumb\",\"itemListElement\":[{\"@type\":\"ListItem\",\"position\":1,\"name\":\"Startseite\",\"item\":\"https:\\\/\\\/fh-interim.com\\\/\"},{\"@type\":\"ListItem\",\"position\":2,\"name\":\"Kontakt\"}]},{\"@type\":\"WebSite\",\"@id\":\"https:\\\/\\\/fh-interim.com\\\/#website\",\"url\":\"https:\\\/\\\/fh-interim.com\\\/\",\"name\":\"FH Management Consulting\",\"description\":\"\",\"publisher\":{\"@id\":\"https:\\\/\\\/fh-interim.com\\\/#organization\"},\"alternateName\":\"Florian Ha\u00df Interim Manager\",\"potentialAction\":[{\"@type\":\"SearchAction\",\"target\":{\"@type\":\"EntryPoint\",\"urlTemplate\":\"https:\\\/\\\/fh-interim.com\\\/?s={search_term_string}\"},\"query-input\":{\"@type\":\"PropertyValueSpecification\",\"valueRequired\":true,\"valueName\":\"search_term_string\"}}],\"inLanguage\":\"en-US\"},{\"@type\":\"Organization\",\"@id\":\"https:\\\/\\\/fh-interim.com\\\/#organization\",\"name\":\"FH Management Consulting\",\"alternateName\":\"Florian Ha\u00df Interim Manager\",\"url\":\"https:\\\/\\\/fh-interim.com\\\/\",\"logo\":{\"@type\":\"ImageObject\",\"inLanguage\":\"en-US\",\"@id\":\"https:\\\/\\\/fh-interim.com\\\/#\\\/schema\\\/logo\\\/image\\\/\",\"url\":\"https:\\\/\\\/fh-interim.com\\\/wp-content\\\/uploads\\\/logo.webp\",\"contentUrl\":\"https:\\\/\\\/fh-interim.com\\\/wp-content\\\/uploads\\\/logo.webp\",\"width\":325,\"height\":39,\"caption\":\"FH Management Consulting\"},\"image\":{\"@id\":\"https:\\\/\\\/fh-interim.com\\\/#\\\/schema\\\/logo\\\/image\\\/\"},\"sameAs\":[\"https:\\\/\\\/www.linkedin.com\\\/in\\\/interimfinancehamburg\\\/\",\"https:\\\/\\\/www.xing.com\\\/profile\\\/Florian_Hass\"]}]}<\/script>\n<!-- \/ Yoast SEO plugin. -->","yoast_head_json":{"title":"Contact - Florian Ha\u00df Interim Management","description":"Get in touch to find out more about my services. Together we will find the best solution for your challenges","robots":{"index":"index","follow":"follow","max-snippet":"max-snippet:-1","max-image-preview":"max-image-preview:large","max-video-preview":"max-video-preview:-1"},"canonical":"https:\/\/fh-interim.com\/en\/contact\/","og_locale":"en_US","og_type":"article","og_title":"Kontakt \u2013 Florian Ha\u00df Interim Management","og_description":"Nehmen Sie Kontakt auf, um mehr \u00fcber meine Dienstleistungen zu erfahren. Gemeinsam finden wir die beste L\u00f6sung f\u00fcr Ihre Herausforderungen","og_url":"https:\/\/fh-interim.com\/en\/contact\/","og_site_name":"FH Management Consulting","article_modified_time":"2025-12-30T18:26:07+00:00","og_image":[{"url":"https:\/\/fh-interim.com\/wp-content\/uploads\/Profilfoto-Kontakt.webp","type":"","width":"","height":""}],"twitter_card":"summary_large_image","schema":{"@context":"https:\/\/schema.org","@graph":[{"@type":"WebPage","@id":"https:\/\/fh-interim.com\/kontakt\/","url":"https:\/\/fh-interim.com\/kontakt\/","name":"Contact - Florian Ha\u00df Interim Management","isPartOf":{"@id":"https:\/\/fh-interim.com\/#website"},"primaryImageOfPage":{"@id":"https:\/\/fh-interim.com\/kontakt\/#primaryimage"},"image":{"@id":"https:\/\/fh-interim.com\/kontakt\/#primaryimage"},"thumbnailUrl":"https:\/\/fh-interim.com\/wp-content\/uploads\/Profilfoto-Kontakt.webp","datePublished":"2025-01-02T16:41:03+00:00","dateModified":"2025-12-30T18:26:07+00:00","description":"Get in touch to find out more about my services. Together we will find the best solution for your challenges","breadcrumb":{"@id":"https:\/\/fh-interim.com\/kontakt\/#breadcrumb"},"inLanguage":"en-US","potentialAction":[{"@type":"ReadAction","target":["https:\/\/fh-interim.com\/kontakt\/"]}]},{"@type":"ImageObject","inLanguage":"en-US","@id":"https:\/\/fh-interim.com\/kontakt\/#primaryimage","url":"https:\/\/fh-interim.com\/wp-content\/uploads\/Profilfoto-Kontakt.webp","contentUrl":"https:\/\/fh-interim.com\/wp-content\/uploads\/Profilfoto-Kontakt.webp"},{"@type":"BreadcrumbList","@id":"https:\/\/fh-interim.com\/kontakt\/#breadcrumb","itemListElement":[{"@type":"ListItem","position":1,"name":"Startseite","item":"https:\/\/fh-interim.com\/"},{"@type":"ListItem","position":2,"name":"Kontakt"}]},{"@type":"WebSite","@id":"https:\/\/fh-interim.com\/#website","url":"https:\/\/fh-interim.com\/","name":"FH Management Consulting","description":"","publisher":{"@id":"https:\/\/fh-interim.com\/#organization"},"alternateName":"Florian Ha\u00df Interim Manager","potentialAction":[{"@type":"SearchAction","target":{"@type":"EntryPoint","urlTemplate":"https:\/\/fh-interim.com\/?s={search_term_string}"},"query-input":{"@type":"PropertyValueSpecification","valueRequired":true,"valueName":"search_term_string"}}],"inLanguage":"en-US"},{"@type":"Organization","@id":"https:\/\/fh-interim.com\/#organization","name":"FH Management Consulting","alternateName":"Florian Ha\u00df Interim Manager","url":"https:\/\/fh-interim.com\/","logo":{"@type":"ImageObject","inLanguage":"en-US","@id":"https:\/\/fh-interim.com\/#\/schema\/logo\/image\/","url":"https:\/\/fh-interim.com\/wp-content\/uploads\/logo.webp","contentUrl":"https:\/\/fh-interim.com\/wp-content\/uploads\/logo.webp","width":325,"height":39,"caption":"FH Management Consulting"},"image":{"@id":"https:\/\/fh-interim.com\/#\/schema\/logo\/image\/"},"sameAs":["https:\/\/www.linkedin.com\/in\/interimfinancehamburg\/","https:\/\/www.xing.com\/profile\/Florian_Hass"]}]}},"_links":{"self":[{"href":"https:\/\/fh-interim.com\/en\/wp-json\/wp\/v2\/pages\/259","targetHints":{"allow":["GET"]}}],"collection":[{"href":"https:\/\/fh-interim.com\/en\/wp-json\/wp\/v2\/pages"}],"about":[{"href":"https:\/\/fh-interim.com\/en\/wp-json\/wp\/v2\/types\/page"}],"author":[{"embeddable":true,"href":"https:\/\/fh-interim.com\/en\/wp-json\/wp\/v2\/users\/1"}],"replies":[{"embeddable":true,"href":"https:\/\/fh-interim.com\/en\/wp-json\/wp\/v2\/comments?post=259"}],"version-history":[{"count":0,"href":"https:\/\/fh-interim.com\/en\/wp-json\/wp\/v2\/pages\/259\/revisions"}],"wp:attachment":[{"href":"https:\/\/fh-interim.com\/en\/wp-json\/wp\/v2\/media?parent=259"}],"curies":[{"name":"wp","href":"https:\/\/api.w.org\/{rel}","templated":true}]}}