{"id":744,"date":"2025-01-13T17:05:05","date_gmt":"2025-01-13T16:05:05","guid":{"rendered":"https:\/\/p690020.webspaceconfig.de\/WP2025\/?page_id=744"},"modified":"2025-12-30T19:26:43","modified_gmt":"2025-12-30T18:26:43","slug":"legal-notice","status":"publish","type":"page","link":"https:\/\/fh-interim.com\/en\/impressum\/","title":{"rendered":"Legal notice"},"content":{"rendered":"<div class=\"wp-block-group has-global-padding is-layout-constrained wp-container-core-group-is-layout-97829e9f wp-block-group-is-layout-constrained\" style=\"padding-right:var(--wp--preset--spacing--40);padding-left:var(--wp--preset--spacing--40)\">\n<h1 class=\"wp-block-heading\" style=\"margin-top:var(--wp--preset--spacing--70);margin-bottom:var(--wp--preset--spacing--40)\">Legal notice<\/h1>\n\n\n\n<p>FH Management Consulting<br>Florian Ha\u00df<br>Fabriciusstrasse 300<br>22177 Hamburg<\/p>\n\n\n\n<h2 class=\"wp-block-heading\" style=\"padding-top:var(--wp--preset--spacing--40);padding-bottom:var(--wp--preset--spacing--40)\">Contact<\/h2>\n\n\n\n<p>Phone: +49 (0) 174 388 23 01<br>E-mail: info@fh-interim.com<\/p>\n\n\n\n<h2 class=\"wp-block-heading\" style=\"padding-top:var(--wp--preset--spacing--40);padding-bottom:var(--wp--preset--spacing--40)\">Sales tax ID<\/h2>\n\n\n\n<p>Sales tax identification number according to \u00a7 27 a sales tax law:<br>DE353292117<\/p>\n\n\n\n<h2 class=\"wp-block-heading\" style=\"padding-top:var(--wp--preset--spacing--40);padding-bottom:var(--wp--preset--spacing--40)\">Information on professional liability insurance<\/h2>\n\n\n\n<p><strong>Name and registered office of the insurer:<\/strong><br>Hiscox SA<br>Branch office for Germany<br>Bernhard-Wicki-Str. 3<br>80636 Munich<\/p>\n\n\n\n<p><strong>Area of validity of the insurance:<\/strong><br>Worldwide (excluding USA and Canada)<\/p>\n\n\n\n<h2 class=\"wp-block-heading\" style=\"padding-top:var(--wp--preset--spacing--40);padding-bottom:var(--wp--preset--spacing--40)\">Editorial responsibility<\/h2>\n\n\n\n<p>FH Management Consulting<br>Florian Ha\u00df<br>Fabriciusstrasse 300<br>22177 Hamburg<\/p>\n\n\n\n<h2 class=\"wp-block-heading\" style=\"padding-top:var(--wp--preset--spacing--40);padding-bottom:var(--wp--preset--spacing--40)\">EU dispute resolution<\/h2>\n\n\n\n<p>The European Commission provides a platform for online dispute resolution (ODR):&nbsp;<a href=\"https:\/\/ec.europa.eu\/consumers\/odr\/\" target=\"_blank\" rel=\"noreferrer noopener\">https:\/\/ec.europa.eu\/consumers\/odr\/<\/a>.<br>You can find my e-mail address in the legal notice above.<\/p>\n\n\n\n<h2 class=\"wp-block-heading\" style=\"padding-top:var(--wp--preset--spacing--40);padding-bottom:var(--wp--preset--spacing--40)\">Consumer dispute resolution\/universal arbitration board<\/h2>\n\n\n\n<p>I am not willing or obliged to participate in dispute resolution proceedings before a consumer arbitration board.<\/p>\n\n\n\n<h2 class=\"wp-block-heading\" style=\"margin-bottom:var(--wp--preset--spacing--20)\">Web design<\/h2>\n\n\n\n<p>CUCOM web agency - Christian Unverricht<br><a href=\"https:\/\/cucom.de\" target=\"_blank\" rel=\"noreferrer noopener\">cucom.com<\/a><\/p>\n<\/div>","protected":false},"excerpt":{"rendered":"<p>Impressum FH Management ConsultingFlorian Ha\u00dfFabriciusstra\u00dfe 30022177 Hamburg Kontakt Telefon: +49 (0) 174 388 23 01E-Mail: info@fh-interim.com Umsatzsteuer-ID Umsatzsteuer-Identifikationsnummer gem\u00e4\u00df \u00a7 27 a Umsatzsteuergesetz:DE353292117 Angaben zur Berufs\u00adhaftpflicht\u00adversicherung Name und Sitz des Versicherers:Hiscox SANiederlassung f\u00fcr DeutschlandBernhard-Wicki-Str. 380636 M\u00fcnchen Geltungsraum der Versicherung:Weltweit (ohne USA und Kanada) Redaktionell verantwortlich FH Management ConsultingFlorian Ha\u00dfFabriciusstra\u00dfe 30022177 Hamburg EU-Streitschlichtung Die Europ\u00e4ische Kommission [&hellip;]<\/p>\n","protected":false},"author":1,"featured_media":0,"parent":0,"menu_order":0,"comment_status":"closed","ping_status":"closed","template":"","meta":{"inline_featured_image":false,"footnotes":""},"class_list":["post-744","page","type-page","status-publish","hentry"],"yoast_head":"<!-- This site is optimized with the Yoast SEO plugin v27.0 - https:\/\/yoast.com\/product\/yoast-seo-wordpress\/ -->\n<title>Impressum - FH Management Consulting<\/title>\n<meta name=\"robots\" content=\"index, follow, max-snippet:-1, max-image-preview:large, max-video-preview:-1\" \/>\n<link rel=\"canonical\" href=\"https:\/\/fh-interim.com\/en\/legal-notice\/\" \/>\n<meta property=\"og:locale\" content=\"en_US\" \/>\n<meta property=\"og:type\" content=\"article\" \/>\n<meta property=\"og:title\" content=\"Impressum - FH Management Consulting\" \/>\n<meta property=\"og:description\" content=\"Impressum FH Management ConsultingFlorian Ha\u00dfFabriciusstra\u00dfe 30022177 Hamburg Kontakt Telefon: +49 (0) 174 388 23 01E-Mail: info@fh-interim.com Umsatzsteuer-ID Umsatzsteuer-Identifikationsnummer gem\u00e4\u00df \u00a7 27 a Umsatzsteuergesetz:DE353292117 Angaben zur Berufs\u00adhaftpflicht\u00adversicherung Name und Sitz des Versicherers:Hiscox SANiederlassung f\u00fcr DeutschlandBernhard-Wicki-Str. 380636 M\u00fcnchen Geltungsraum der Versicherung:Weltweit (ohne USA und Kanada) Redaktionell verantwortlich FH Management ConsultingFlorian Ha\u00dfFabriciusstra\u00dfe 30022177 Hamburg EU-Streitschlichtung Die Europ\u00e4ische Kommission [&hellip;]\" \/>\n<meta property=\"og:url\" content=\"https:\/\/fh-interim.com\/en\/legal-notice\/\" \/>\n<meta property=\"og:site_name\" content=\"FH Management Consulting\" \/>\n<meta property=\"article:modified_time\" content=\"2025-12-30T18:26:43+00:00\" \/>\n<meta property=\"og:image\" content=\"https:\/\/fh-interim.com\/wp-content\/uploads\/2025\/01\/IMG_1353-scaled.jpg\" \/>\n\t<meta property=\"og:image:width\" content=\"2560\" \/>\n\t<meta property=\"og:image:height\" content=\"1707\" \/>\n\t<meta property=\"og:image:type\" content=\"image\/jpeg\" \/>\n<meta name=\"twitter:card\" content=\"summary_large_image\" \/>\n<meta name=\"twitter:label1\" content=\"Est. reading time\" \/>\n\t<meta name=\"twitter:data1\" content=\"1 minute\" \/>\n<script type=\"application\/ld+json\" class=\"yoast-schema-graph\">{\"@context\":\"https:\/\/schema.org\",\"@graph\":[{\"@type\":\"WebPage\",\"@id\":\"https:\/\/fh-interim.com\/impressum\/\",\"url\":\"https:\/\/fh-interim.com\/impressum\/\",\"name\":\"Impressum - FH Management Consulting\",\"isPartOf\":{\"@id\":\"https:\/\/fh-interim.com\/#website\"},\"datePublished\":\"2025-01-13T16:05:05+00:00\",\"dateModified\":\"2025-12-30T18:26:43+00:00\",\"breadcrumb\":{\"@id\":\"https:\/\/fh-interim.com\/impressum\/#breadcrumb\"},\"inLanguage\":\"en-US\",\"potentialAction\":[{\"@type\":\"ReadAction\",\"target\":[\"https:\/\/fh-interim.com\/impressum\/\"]}]},{\"@type\":\"BreadcrumbList\",\"@id\":\"https:\/\/fh-interim.com\/impressum\/#breadcrumb\",\"itemListElement\":[{\"@type\":\"ListItem\",\"position\":1,\"name\":\"Startseite\",\"item\":\"https:\/\/fh-interim.com\/\"},{\"@type\":\"ListItem\",\"position\":2,\"name\":\"Impressum\"}]},{\"@type\":\"WebSite\",\"@id\":\"https:\/\/fh-interim.com\/#website\",\"url\":\"https:\/\/fh-interim.com\/\",\"name\":\"FH Management Consulting\",\"description\":\"\",\"publisher\":{\"@id\":\"https:\/\/fh-interim.com\/#organization\"},\"alternateName\":\"Florian Ha\u00df Interim Manager\",\"potentialAction\":[{\"@type\":\"SearchAction\",\"target\":{\"@type\":\"EntryPoint\",\"urlTemplate\":\"https:\/\/fh-interim.com\/?s={search_term_string}\"},\"query-input\":{\"@type\":\"PropertyValueSpecification\",\"valueRequired\":true,\"valueName\":\"search_term_string\"}}],\"inLanguage\":\"en-US\"},{\"@type\":\"Organization\",\"@id\":\"https:\/\/fh-interim.com\/#organization\",\"name\":\"FH Management Consulting\",\"alternateName\":\"Florian Ha\u00df Interim Manager\",\"url\":\"https:\/\/fh-interim.com\/\",\"logo\":{\"@type\":\"ImageObject\",\"inLanguage\":\"en-US\",\"@id\":\"https:\/\/fh-interim.com\/#\/schema\/logo\/image\/\",\"url\":\"https:\/\/fh-interim.com\/wp-content\/uploads\/logo.webp\",\"contentUrl\":\"https:\/\/fh-interim.com\/wp-content\/uploads\/logo.webp\",\"width\":325,\"height\":39,\"caption\":\"FH Management Consulting\"},\"image\":{\"@id\":\"https:\/\/fh-interim.com\/#\/schema\/logo\/image\/\"},\"sameAs\":[\"https:\/\/www.linkedin.com\/in\/interimfinancehamburg\/\",\"https:\/\/www.xing.com\/profile\/Florian_Hass\"]}]}<\/script>\n<!-- \/ Yoast SEO plugin. -->","yoast_head_json":{"title":"Imprint - FH Management Consulting","robots":{"index":"index","follow":"follow","max-snippet":"max-snippet:-1","max-image-preview":"max-image-preview:large","max-video-preview":"max-video-preview:-1"},"canonical":"https:\/\/fh-interim.com\/en\/legal-notice\/","og_locale":"en_US","og_type":"article","og_title":"Impressum - FH Management Consulting","og_description":"Impressum FH Management ConsultingFlorian Ha\u00dfFabriciusstra\u00dfe 30022177 Hamburg Kontakt Telefon: +49 (0) 174 388 23 01E-Mail: info@fh-interim.com Umsatzsteuer-ID Umsatzsteuer-Identifikationsnummer gem\u00e4\u00df \u00a7 27 a Umsatzsteuergesetz:DE353292117 Angaben zur Berufs\u00adhaftpflicht\u00adversicherung Name und Sitz des Versicherers:Hiscox SANiederlassung f\u00fcr DeutschlandBernhard-Wicki-Str. 380636 M\u00fcnchen Geltungsraum der Versicherung:Weltweit (ohne USA und Kanada) Redaktionell verantwortlich FH Management ConsultingFlorian Ha\u00dfFabriciusstra\u00dfe 30022177 Hamburg EU-Streitschlichtung Die Europ\u00e4ische Kommission [&hellip;]","og_url":"https:\/\/fh-interim.com\/en\/legal-notice\/","og_site_name":"FH Management Consulting","article_modified_time":"2025-12-30T18:26:43+00:00","og_image":[{"width":2560,"height":1707,"url":"https:\/\/fh-interim.com\/wp-content\/uploads\/2025\/01\/IMG_1353-scaled.jpg","type":"image\/jpeg"}],"twitter_card":"summary_large_image","twitter_misc":{"Est. reading time":"1 minute"},"schema":{"@context":"https:\/\/schema.org","@graph":[{"@type":"WebPage","@id":"https:\/\/fh-interim.com\/impressum\/","url":"https:\/\/fh-interim.com\/impressum\/","name":"Imprint - FH Management Consulting","isPartOf":{"@id":"https:\/\/fh-interim.com\/#website"},"datePublished":"2025-01-13T16:05:05+00:00","dateModified":"2025-12-30T18:26:43+00:00","breadcrumb":{"@id":"https:\/\/fh-interim.com\/impressum\/#breadcrumb"},"inLanguage":"en-US","potentialAction":[{"@type":"ReadAction","target":["https:\/\/fh-interim.com\/impressum\/"]}]},{"@type":"BreadcrumbList","@id":"https:\/\/fh-interim.com\/impressum\/#breadcrumb","itemListElement":[{"@type":"ListItem","position":1,"name":"Startseite","item":"https:\/\/fh-interim.com\/"},{"@type":"ListItem","position":2,"name":"Impressum"}]},{"@type":"WebSite","@id":"https:\/\/fh-interim.com\/#website","url":"https:\/\/fh-interim.com\/","name":"FH Management Consulting","description":"","publisher":{"@id":"https:\/\/fh-interim.com\/#organization"},"alternateName":"Florian Ha\u00df Interim Manager","potentialAction":[{"@type":"SearchAction","target":{"@type":"EntryPoint","urlTemplate":"https:\/\/fh-interim.com\/?s={search_term_string}"},"query-input":{"@type":"PropertyValueSpecification","valueRequired":true,"valueName":"search_term_string"}}],"inLanguage":"en-US"},{"@type":"Organization","@id":"https:\/\/fh-interim.com\/#organization","name":"FH Management Consulting","alternateName":"Florian Ha\u00df Interim Manager","url":"https:\/\/fh-interim.com\/","logo":{"@type":"ImageObject","inLanguage":"en-US","@id":"https:\/\/fh-interim.com\/#\/schema\/logo\/image\/","url":"https:\/\/fh-interim.com\/wp-content\/uploads\/logo.webp","contentUrl":"https:\/\/fh-interim.com\/wp-content\/uploads\/logo.webp","width":325,"height":39,"caption":"FH Management Consulting"},"image":{"@id":"https:\/\/fh-interim.com\/#\/schema\/logo\/image\/"},"sameAs":["https:\/\/www.linkedin.com\/in\/interimfinancehamburg\/","https:\/\/www.xing.com\/profile\/Florian_Hass"]}]}},"_links":{"self":[{"href":"https:\/\/fh-interim.com\/en\/wp-json\/wp\/v2\/pages\/744","targetHints":{"allow":["GET"]}}],"collection":[{"href":"https:\/\/fh-interim.com\/en\/wp-json\/wp\/v2\/pages"}],"about":[{"href":"https:\/\/fh-interim.com\/en\/wp-json\/wp\/v2\/types\/page"}],"author":[{"embeddable":true,"href":"https:\/\/fh-interim.com\/en\/wp-json\/wp\/v2\/users\/1"}],"replies":[{"embeddable":true,"href":"https:\/\/fh-interim.com\/en\/wp-json\/wp\/v2\/comments?post=744"}],"version-history":[{"count":0,"href":"https:\/\/fh-interim.com\/en\/wp-json\/wp\/v2\/pages\/744\/revisions"}],"wp:attachment":[{"href":"https:\/\/fh-interim.com\/en\/wp-json\/wp\/v2\/media?parent=744"}],"curies":[{"name":"wp","href":"https:\/\/api.w.org\/{rel}","templated":true}]}}